{"id":1552,"date":"2024-02-21T10:00:17","date_gmt":"2024-02-21T10:00:17","guid":{"rendered":"https:\/\/bodegalasgranadas.com\/?post_type=product&#038;p=1552"},"modified":"2024-02-21T13:18:24","modified_gmt":"2024-02-21T13:18:24","slug":"pitarra","status":"publish","type":"product","link":"https:\/\/bodegalasgranadas.com\/?product=pitarra","title":{"rendered":"Pitarra"},"content":{"rendered":"<p>Compuesto de Tempranillo, alarije.<\/p>\n<p>De color ojo de perdiz, limpio, brillante y de original vestido. El aroma es complejo con fondo de especias.<\/p>\n<p>El gusto es seco en la entrada y vinoso en el paso de la boca. De moderada permanencia y marcada expresi\u00f3n t\u00e1nica que permanece, manteni\u00e9ndose hasta el largo postgusto.<\/p>\n<p>Es un vino clarete t\u00edpico de esta zona para tomarlo con migas, frite y calderos. Se recomienda servirlo a una temperatura entre los 14-16\u00b0.<\/p>\n","protected":false},"excerpt":{"rendered":"<p>Tinto joven<\/p>\n","protected":false},"featured_media":1560,"comment_status":"closed","ping_status":"closed","template":"","meta":[],"product_cat":[24],"product_tag":[],"_links":{"self":[{"href":"https:\/\/bodegalasgranadas.com\/index.php?rest_route=\/wp\/v2\/product\/1552"}],"collection":[{"href":"https:\/\/bodegalasgranadas.com\/index.php?rest_route=\/wp\/v2\/product"}],"about":[{"href":"https:\/\/bodegalasgranadas.com\/index.php?rest_route=\/wp\/v2\/types\/product"}],"replies":[{"embeddable":true,"href":"https:\/\/bodegalasgranadas.com\/index.php?rest_route=%2Fwp%2Fv2%2Fcomments&post=1552"}],"version-history":[{"count":1,"href":"https:\/\/bodegalasgranadas.com\/index.php?rest_route=\/wp\/v2\/product\/1552\/revisions"}],"predecessor-version":[{"id":1553,"href":"https:\/\/bodegalasgranadas.com\/index.php?rest_route=\/wp\/v2\/product\/1552\/revisions\/1553"}],"wp:featuredmedia":[{"embeddable":true,"href":"https:\/\/bodegalasgranadas.com\/index.php?rest_route=\/wp\/v2\/media\/1560"}],"wp:attachment":[{"href":"https:\/\/bodegalasgranadas.com\/index.php?rest_route=%2Fwp%2Fv2%2Fmedia&parent=1552"}],"wp:term":[{"taxonomy":"product_cat","embeddable":true,"href":"https:\/\/bodegalasgranadas.com\/index.php?rest_route=%2Fwp%2Fv2%2Fproduct_cat&post=1552"},{"taxonomy":"product_tag","embeddable":true,"href":"https:\/\/bodegalasgranadas.com\/index.php?rest_route=%2Fwp%2Fv2%2Fproduct_tag&post=1552"}],"curies":[{"name":"wp","href":"https:\/\/api.w.org\/{rel}","templated":true}]}}